
{"id":230576,"date":"2020-06-04T08:24:56","date_gmt":"2020-06-04T08:24:56","guid":{"rendered":"https:\/\/shop-foerdewasser.siteschrift.de\/?page_id=230576"},"modified":"2020-08-27T20:20:01","modified_gmt":"2020-08-27T20:20:01","slug":"agb","status":"publish","type":"page","link":"https:\/\/robertz-gmbh.com\/shop\/agb\/","title":{"rendered":"AGB"},"content":{"rendered":"<p>[et_pb_section fb_built=&#8221;1&#8243; admin_label=&#8221;Contact Info&#8221; _builder_version=&#8221;4.5.1&#8243; use_background_color_gradient=&#8221;on&#8221; background_color_gradient_start=&#8221;rgba(22,94,62,0.92)&#8221; background_color_gradient_end=&#8221;#165e3e&#8221; background_color_gradient_type=&#8221;radial&#8221; background_color_gradient_direction_radial=&#8221;top left&#8221; background_color_gradient_start_position=&#8221;25%&#8221; background_color_gradient_end_position=&#8221;70%&#8221; background_color_gradient_overlays_image=&#8221;on&#8221; background_image=&#8221;https:\/\/robertz-gmbh.com\/shop\/wp-content\/uploads\/2020\/08\/church-01.jpg&#8221; background_blend=&#8221;multiply&#8221; max_width=&#8221;90%&#8221; module_alignment=&#8221;center&#8221; custom_padding=&#8221;60px||40px|||&#8221; animation_style=&#8221;slide&#8221; animation_direction=&#8221;bottom&#8221; animation_intensity_slide=&#8221;2%&#8221; scroll_vertical_motion_enable=&#8221;on&#8221; scroll_vertical_motion=&#8221;0|50|50|100|2|0|0&#8243; scroll_horizontal_motion=&#8221;0|50|50|100|4|2|2&#8243; box_shadow_style=&#8221;preset1&#8243; box_shadow_vertical=&#8221;-10px&#8221; box_shadow_blur=&#8221;60px&#8221;][et_pb_row column_structure=&#8221;1_4,1_4,1_2&#8243; _builder_version=&#8221;3.25&#8243; custom_padding=&#8221;0|0px|1px|0px|false|false&#8221;][et_pb_column type=&#8221;1_4&#8243; _builder_version=&#8221;3.25&#8243; custom_padding=&#8221;|||&#8221; custom_padding__hover=&#8221;|||&#8221;][et_pb_blurb title=&#8221;Telefon&#8221; use_icon=&#8221;on&#8221; font_icon=&#8221;%%264%%&#8221; icon_color=&#8221;#ffffff&#8221; icon_placement=&#8221;left&#8221; use_icon_font_size=&#8221;on&#8221; icon_font_size=&#8221;16px&#8221; _builder_version=&#8221;3.19.5&#8243; header_level=&#8221;h6&#8243; header_font=&#8221;Roboto||||||||&#8221; header_font_size=&#8221;16px&#8221; header_line_height=&#8221;1.4em&#8221; body_font=&#8221;Roboto||||||||&#8221; body_text_color=&#8221;rgba(255,255,255,0.4)&#8221; body_font_size=&#8221;12px&#8221; body_line_height=&#8221;1.6em&#8221; background_layout=&#8221;dark&#8221;]<\/p>\n<p>05424 &#8211; 39 60 988<\/p>\n<p>[\/et_pb_blurb][et_pb_blurb title=&#8221;Fax&#8221; use_icon=&#8221;on&#8221; font_icon=&#8221;%%142%%&#8221; icon_color=&#8221;#ffffff&#8221; icon_placement=&#8221;left&#8221; use_icon_font_size=&#8221;on&#8221; icon_font_size=&#8221;16px&#8221; _builder_version=&#8221;3.19.5&#8243; header_level=&#8221;h6&#8243; header_font=&#8221;Roboto||||||||&#8221; header_font_size=&#8221;16px&#8221; header_line_height=&#8221;1.4em&#8221; body_font=&#8221;Roboto||||||||&#8221; body_text_color=&#8221;rgba(255,255,255,0.4)&#8221; body_font_size=&#8221;12px&#8221; body_line_height=&#8221;1.6em&#8221; background_layout=&#8221;dark&#8221;]<\/p>\n<p>05424 &#8211; 39 60 987<\/p>\n<p>[\/et_pb_blurb][\/et_pb_column][et_pb_column type=&#8221;1_4&#8243; _builder_version=&#8221;3.25&#8243; custom_padding=&#8221;|||&#8221; custom_padding__hover=&#8221;|||&#8221;][et_pb_blurb title=&#8221;Adresse&#8221; use_icon=&#8221;on&#8221; font_icon=&#8221;%%249%%&#8221; icon_color=&#8221;#ffffff&#8221; icon_placement=&#8221;left&#8221; use_icon_font_size=&#8221;on&#8221; icon_font_size=&#8221;16px&#8221; _builder_version=&#8221;3.19.5&#8243; header_level=&#8221;h6&#8243; header_font=&#8221;Roboto||||||||&#8221; header_font_size=&#8221;16px&#8221; header_line_height=&#8221;1.4em&#8221; body_font=&#8221;Roboto||||||||&#8221; body_text_color=&#8221;rgba(255,255,255,0.4)&#8221; body_font_size=&#8221;12px&#8221; body_line_height=&#8221;1.6em&#8221; background_layout=&#8221;dark&#8221;]<\/p>\n<p>Bielefelder Stra\u00dfe 2<br \/>\n49176 Hilter a.T.W.<\/p>\n<p>[\/et_pb_blurb][et_pb_blurb title=&#8221;Email&#8221; use_icon=&#8221;on&#8221; font_icon=&#8221;%%238%%&#8221; icon_color=&#8221;#ffffff&#8221; icon_placement=&#8221;left&#8221; use_icon_font_size=&#8221;on&#8221; icon_font_size=&#8221;16px&#8221; _builder_version=&#8221;3.19.5&#8243; header_level=&#8221;h6&#8243; header_font=&#8221;Roboto||||||||&#8221; header_font_size=&#8221;16px&#8221; header_line_height=&#8221;1.4em&#8221; body_font=&#8221;Roboto||||||||&#8221; body_text_color=&#8221;rgba(255,255,255,0.4)&#8221; body_font_size=&#8221;12px&#8221; body_line_height=&#8221;1.6em&#8221; background_layout=&#8221;dark&#8221;]<\/p>\n<p>info@robertz-gmbh.com<\/p>\n<p>[\/et_pb_blurb][\/et_pb_column][et_pb_column type=&#8221;1_2&#8243; _builder_version=&#8221;3.25&#8243; custom_padding=&#8221;|||&#8221; custom_padding__hover=&#8221;|||&#8221;][et_pb_text _builder_version=&#8221;4.5.7&#8243; _module_preset=&#8221;2b112406-3c22-4096-8cb7-c59a89e151b4&#8243; text_font=&#8221;impact||||||||&#8221; text_text_color=&#8221;#19603f&#8221; header_text_color=&#8221;#ffffff&#8221; header_2_text_color=&#8221;#19603f&#8221; header_2_font_size=&#8221;40px&#8221; custom_margin=&#8221;||26px|||&#8221; header_2_font_size_phone=&#8221;30px&#8221;]<\/p>\n<h1>Allgemeine Gesch\u00e4ftsbedingungen<br \/>\n<\/h1>\n<p>[\/et_pb_text][\/et_pb_column][\/et_pb_row][\/et_pb_section][et_pb_section fb_built=&#8221;1&#8243; _builder_version=&#8221;4.5.1&#8243; _module_preset=&#8221;default&#8221; custom_padding=&#8221;||0px|||&#8221;][et_pb_row _builder_version=&#8221;4.5.1&#8243; _module_preset=&#8221;default&#8221;][et_pb_column type=&#8221;4_4&#8243; _builder_version=&#8221;4.5.1&#8243; _module_preset=&#8221;default&#8221;][et_pb_text admin_label=&#8221;Default Header&#8221; module_class=&#8221;default-header&#8221; _builder_version=&#8221;4.5.7&#8243; module_alignment=&#8221;right&#8221; hover_enabled=&#8221;0&#8243;]<\/p>\n<p class=\"p1\">Geltungsbereich<\/p>\n<p class=\"p1\">Allen Lieferungen und Leistungen von Industrievertretung Robertz in Erfu\u0308llung von Auftr\u00e4gen, die<\/p>\n<p class=\"p1\">der Kunde nicht im Zusammenhang mit seiner gewerblichen oder selbstst\u00e4ndigen beruflichen T\u00e4tigkeit<\/p>\n<p class=\"p1\">erteilt hat, liegen diese Gesch\u00e4ftsbedingungen zugrunde. Abweichende und\/oder erg\u00e4nzende<\/p>\n<p class=\"p1\">Vereinbarungen bedu\u0308rfen der ausdru\u0308cklichen schriftlichen Zustimmung von Industrievertretung Robertz;<\/p>\n<p class=\"p1\">dies gilt auch fu\u0308r eine Abbedingung des Schriftformerfordernisses.<\/p>\n<p class=\"p1\">Widerrufsrecht<\/p>\n<p class=\"p1\">Sie sind als Verbraucher im Sinne von \u00a7 13 BGB an Ihre Bestellung nicht mehr gebunden, wenn Sie<\/p>\n<p class=\"p1\">binnen einer Frist von 1 Monat nach Erhalt der Ware widerrufen. Der Widerruf muss keine Begru\u0308ndung<\/p>\n<p class=\"p1\">enthalten und kann schriftlich (eine E-Mail, z.B. an info@robertz-duschen.de) oder durch versicherte<\/p>\n<p class=\"p1\">Ru\u0308cksendung der Ware erfolgen. Zur Fristwahrung genu\u0308gt die rechtzeitige Absendung an:<\/p>\n<p class=\"p1\">Industrievertretung Robertz<\/p>\n<p class=\"p1\">Bielefelder Stra\u00dfe 27<\/p>\n<p class=\"p1\">49176 Hilter a.T.W<\/p>\n<p class=\"p1\">Bitte frankieren Sie das Paket ausreichend, um Strafporto zu vermeiden. Wir erstatten Ihnen den<\/p>\n<p class=\"p1\">Portobetrag dann umgehend zuru\u0308ck. Wenn Sie besch\u00e4digte oder abgenutzte Waren zuru\u0308ckschicken,<\/p>\n<p class=\"p1\">wird der gesetzlich zul\u00e4ssige Betrag in Abzug gebracht; dies k\u00f6nnen Sie vermeiden, indem<\/p>\n<p class=\"p1\">Sie lediglich die Ware einer Pru\u0308fung unterziehen, wie sie Ihnen etwa im Ladengesch\u00e4ft m\u00f6glich<\/p>\n<p class=\"p1\">gewesen w\u00e4re, und diese ohne Gebrauchsspuren und in der Originalverpackung zuru\u0308ckschicken.<\/p>\n<p class=\"p1\">Sie haben die Kosten der Ru\u0308cksendung zu tragen, wenn die gelieferte Ware der bestellten entspricht<\/p>\n<p class=\"p1\">und wenn der Preis der zuru\u0308ckzusendenden Sache einen Betrag von 40 Euro nicht u\u0308bersteigt<\/p>\n<p class=\"p1\">oder wenn Sie bei einem h\u00f6heren Preis der Sache zum Zeitpunkt des Widerrufs noch nicht<\/p>\n<p class=\"p1\">die Gegenleistung oder eine vertraglich vereinbarte Teilzahlung erbracht haben. Anderenfalls ist<\/p>\n<p class=\"p1\">die Ru\u0308cksendung fu\u0308r Sie kostenfrei. Nicht paketversandf\u00e4hige Sachen werden bei Ihnen abgeholt.<\/p>\n<p class=\"p1\">Verpflichtungen zur Erstattung von Zahlungen mu\u0308ssen innerhalb von 30 Tagen erfu\u0308llt werden. Die<\/p>\n<p class=\"p1\">Frist beginnt fu\u0308r Sie mit der Absendung Ihrer Widerrufserkl\u00e4rung oder der Sache, fu\u0308r uns mit deren<\/p>\n<p class=\"p1\">Empfang.<\/p>\n<p class=\"p1\">Ausgeschlossen von der Ru\u0308cksendung sind<\/p>\n<p class=\"p1\">Waren, die nach Kundenspezifikation angefertigt werden oder eindeutig auf die pers\u00f6nlichen Bedu\u0308rfnisse<\/p>\n<p class=\"p1\">zugeschnitten sind.<\/p>\n<p class=\"p1\">Gew\u00e4hrleistung<\/p>\n<p class=\"p1\">Die Gew\u00e4hrleistung erfolgt nach den gesetzlichen Bestimmungen, wobei wir im Falle eines Mangels<\/p>\n<p class=\"p1\">der Ware nach Ihrer Wahl zun\u00e4chst nachliefern oder nachbessern. Schl\u00e4gt die Nachbesserung fehl<\/p>\n<p class=\"p1\">oder ist die nachgelieferte Ware ebenfalls mangelbehaftet, so k\u00f6nnen Sie die Ware gegen Ru\u0308ckerstattung<\/p>\n<p class=\"p1\">des vollen Kaufpreises zuru\u0308ckgeben oder die Ware behalten und den Kaufpreis mindern.<\/p>\n<p class=\"p1\">Informationen u\u0308ber eventuelle Herstellergarantien entnehmen Sie bitte der Produktdokumentation.<\/p>\n<p class=\"p1\">Gerichtsstand<\/p>\n<p class=\"p1\">Bei Vertr\u00e4gen mit Kaufleuten, mit juristischen Personen des \u00f6ffentlichen Rechts oder \u00f6ffentlichrechtlichem<\/p>\n<p class=\"p1\">Sonderverm\u00f6gen wird als ausschlie\u00dflicher Gerichtsstand fu\u0308r alle aus der Gesch\u00e4ftsbeziehung<\/p>\n<p class=\"p1\">sich ergebenden Rechtsstreitigkeiten, einschlie\u00dflich Wechsel- und Scheckklagen, der Sitz<\/p>\n<p class=\"p1\">des Verk\u00e4ufers, vereinbart.<\/p>\n<p>[\/et_pb_text][\/et_pb_column][\/et_pb_row][\/et_pb_section]<\/p>\n","protected":false},"excerpt":{"rendered":"<p>05424 &#8211; 39 60 988 05424 &#8211; 39 60 987 Bielefelder Stra\u00dfe 2 49176 Hilter a.T.W. info@robertz-gmbh.comAllgemeine Gesch\u00e4ftsbedingungen Geltungsbereich Allen Lieferungen und Leistungen von Industrievertretung Robertz in Erfu\u0308llung von Auftr\u00e4gen, die der Kunde nicht im Zusammenhang mit seiner gewerblichen oder selbstst\u00e4ndigen beruflichen T\u00e4tigkeit erteilt hat, liegen diese Gesch\u00e4ftsbedingungen zugrunde. Abweichende und\/oder erg\u00e4nzende Vereinbarungen bedu\u0308rfen der [&hellip;]<\/p>\n","protected":false},"author":2173,"featured_media":0,"parent":0,"menu_order":0,"comment_status":"closed","ping_status":"closed","template":"","meta":{"_et_pb_use_builder":"on","_et_pb_old_content":"","_et_gb_content_width":"","inline_featured_image":false,"footnotes":""},"class_list":["post-230576","page","type-page","status-publish","hentry"],"_links":{"self":[{"href":"https:\/\/robertz-gmbh.com\/shop\/wp-json\/wp\/v2\/pages\/230576","targetHints":{"allow":["GET"]}}],"collection":[{"href":"https:\/\/robertz-gmbh.com\/shop\/wp-json\/wp\/v2\/pages"}],"about":[{"href":"https:\/\/robertz-gmbh.com\/shop\/wp-json\/wp\/v2\/types\/page"}],"author":[{"embeddable":true,"href":"https:\/\/robertz-gmbh.com\/shop\/wp-json\/wp\/v2\/users\/2173"}],"replies":[{"embeddable":true,"href":"https:\/\/robertz-gmbh.com\/shop\/wp-json\/wp\/v2\/comments?post=230576"}],"version-history":[{"count":6,"href":"https:\/\/robertz-gmbh.com\/shop\/wp-json\/wp\/v2\/pages\/230576\/revisions"}],"predecessor-version":[{"id":234865,"href":"https:\/\/robertz-gmbh.com\/shop\/wp-json\/wp\/v2\/pages\/230576\/revisions\/234865"}],"wp:attachment":[{"href":"https:\/\/robertz-gmbh.com\/shop\/wp-json\/wp\/v2\/media?parent=230576"}],"curies":[{"name":"wp","href":"https:\/\/api.w.org\/{rel}","templated":true}]}}