
{"id":234700,"date":"2020-08-27T12:45:43","date_gmt":"2020-08-27T12:45:43","guid":{"rendered":"https:\/\/robertz-gmbh-shop.maximize-your-web.de\/rueckruf-service-copy\/"},"modified":"2020-08-27T12:57:43","modified_gmt":"2020-08-27T12:57:43","slug":"verbraucherhinweise","status":"publish","type":"page","link":"https:\/\/robertz-gmbh.com\/shop\/verbraucherhinweise\/","title":{"rendered":"Verbraucherhinweise"},"content":{"rendered":"<p>[et_pb_section fb_built=&#8221;1&#8243; admin_label=&#8221;Contact Info&#8221; _builder_version=&#8221;4.5.1&#8243; use_background_color_gradient=&#8221;on&#8221; background_color_gradient_start=&#8221;rgba(22,94,62,0.92)&#8221; background_color_gradient_end=&#8221;#165e3e&#8221; background_color_gradient_type=&#8221;radial&#8221; background_color_gradient_direction_radial=&#8221;top left&#8221; background_color_gradient_start_position=&#8221;25%&#8221; background_color_gradient_end_position=&#8221;70%&#8221; background_color_gradient_overlays_image=&#8221;on&#8221; background_image=&#8221;https:\/\/robertz-gmbh.com\/shop\/wp-content\/uploads\/2020\/08\/church-01.jpg&#8221; background_blend=&#8221;multiply&#8221; max_width=&#8221;90%&#8221; module_alignment=&#8221;center&#8221; custom_padding=&#8221;60px||40px|||&#8221; animation_style=&#8221;slide&#8221; animation_direction=&#8221;bottom&#8221; animation_intensity_slide=&#8221;2%&#8221; scroll_vertical_motion_enable=&#8221;on&#8221; scroll_vertical_motion=&#8221;0|50|50|100|2|0|0&#8243; scroll_horizontal_motion=&#8221;0|50|50|100|4|2|2&#8243; box_shadow_style=&#8221;preset1&#8243; box_shadow_vertical=&#8221;-10px&#8221; box_shadow_blur=&#8221;60px&#8221;][et_pb_row column_structure=&#8221;1_4,1_4,1_2&#8243; _builder_version=&#8221;3.25&#8243; custom_padding=&#8221;0|0px|1px|0px|false|false&#8221;][et_pb_column type=&#8221;1_4&#8243; _builder_version=&#8221;3.25&#8243; custom_padding=&#8221;|||&#8221; custom_padding__hover=&#8221;|||&#8221;][et_pb_blurb title=&#8221;Telefon&#8221; use_icon=&#8221;on&#8221; font_icon=&#8221;%%264%%&#8221; icon_color=&#8221;#ffffff&#8221; icon_placement=&#8221;left&#8221; use_icon_font_size=&#8221;on&#8221; icon_font_size=&#8221;16px&#8221; _builder_version=&#8221;3.19.5&#8243; header_level=&#8221;h6&#8243; header_font=&#8221;Roboto||||||||&#8221; header_font_size=&#8221;16px&#8221; header_line_height=&#8221;1.4em&#8221; body_font=&#8221;Roboto||||||||&#8221; body_text_color=&#8221;rgba(255,255,255,0.4)&#8221; body_font_size=&#8221;12px&#8221; body_line_height=&#8221;1.6em&#8221; background_layout=&#8221;dark&#8221;]<\/p>\n<p>05424 &#8211; 39 60 988<\/p>\n<p>[\/et_pb_blurb][et_pb_blurb title=&#8221;Fax&#8221; use_icon=&#8221;on&#8221; font_icon=&#8221;%%142%%&#8221; icon_color=&#8221;#ffffff&#8221; icon_placement=&#8221;left&#8221; use_icon_font_size=&#8221;on&#8221; icon_font_size=&#8221;16px&#8221; _builder_version=&#8221;3.19.5&#8243; header_level=&#8221;h6&#8243; header_font=&#8221;Roboto||||||||&#8221; header_font_size=&#8221;16px&#8221; header_line_height=&#8221;1.4em&#8221; body_font=&#8221;Roboto||||||||&#8221; body_text_color=&#8221;rgba(255,255,255,0.4)&#8221; body_font_size=&#8221;12px&#8221; body_line_height=&#8221;1.6em&#8221; background_layout=&#8221;dark&#8221;]<\/p>\n<p>05424 &#8211; 39 60 987<\/p>\n<p>[\/et_pb_blurb][\/et_pb_column][et_pb_column type=&#8221;1_4&#8243; _builder_version=&#8221;3.25&#8243; custom_padding=&#8221;|||&#8221; custom_padding__hover=&#8221;|||&#8221;][et_pb_blurb title=&#8221;Adresse&#8221; use_icon=&#8221;on&#8221; font_icon=&#8221;%%249%%&#8221; icon_color=&#8221;#ffffff&#8221; icon_placement=&#8221;left&#8221; use_icon_font_size=&#8221;on&#8221; icon_font_size=&#8221;16px&#8221; _builder_version=&#8221;3.19.5&#8243; header_level=&#8221;h6&#8243; header_font=&#8221;Roboto||||||||&#8221; header_font_size=&#8221;16px&#8221; header_line_height=&#8221;1.4em&#8221; body_font=&#8221;Roboto||||||||&#8221; body_text_color=&#8221;rgba(255,255,255,0.4)&#8221; body_font_size=&#8221;12px&#8221; body_line_height=&#8221;1.6em&#8221; background_layout=&#8221;dark&#8221;]<\/p>\n<p>Bielefelder Stra\u00dfe 2<br \/>\n49176 Hilter a.T.W.<\/p>\n<p>[\/et_pb_blurb][et_pb_blurb title=&#8221;Email&#8221; use_icon=&#8221;on&#8221; font_icon=&#8221;%%238%%&#8221; icon_color=&#8221;#ffffff&#8221; icon_placement=&#8221;left&#8221; use_icon_font_size=&#8221;on&#8221; icon_font_size=&#8221;16px&#8221; _builder_version=&#8221;3.19.5&#8243; header_level=&#8221;h6&#8243; header_font=&#8221;Roboto||||||||&#8221; header_font_size=&#8221;16px&#8221; header_line_height=&#8221;1.4em&#8221; body_font=&#8221;Roboto||||||||&#8221; body_text_color=&#8221;rgba(255,255,255,0.4)&#8221; body_font_size=&#8221;12px&#8221; body_line_height=&#8221;1.6em&#8221; background_layout=&#8221;dark&#8221;]<\/p>\n<p>info@robertz-gmbh.com<\/p>\n<p>[\/et_pb_blurb][\/et_pb_column][et_pb_column type=&#8221;1_2&#8243; _builder_version=&#8221;3.25&#8243; custom_padding=&#8221;|||&#8221; custom_padding__hover=&#8221;|||&#8221;][et_pb_text _builder_version=&#8221;4.5.7&#8243; _module_preset=&#8221;2b112406-3c22-4096-8cb7-c59a89e151b4&#8243; text_font=&#8221;impact||||||||&#8221; text_text_color=&#8221;#19603f&#8221; header_text_color=&#8221;#ffffff&#8221; header_2_text_color=&#8221;#19603f&#8221; header_2_font_size=&#8221;40px&#8221; custom_margin=&#8221;||26px|||&#8221; hover_enabled=&#8221;0&#8243; header_2_font_size_phone=&#8221;30px&#8221;]<\/p>\n<h1>Verbraucherhinweise <\/h1>\n<p>[\/et_pb_text][\/et_pb_column][\/et_pb_row][\/et_pb_section][et_pb_section fb_built=&#8221;1&#8243; _builder_version=&#8221;4.5.1&#8243; _module_preset=&#8221;default&#8221; custom_padding=&#8221;||0px|||&#8221;][et_pb_row _builder_version=&#8221;4.5.1&#8243; _module_preset=&#8221;default&#8221;][et_pb_column type=&#8221;4_4&#8243; _builder_version=&#8221;4.5.1&#8243; _module_preset=&#8221;default&#8221;][et_pb_text admin_label=&#8221;Default Header&#8221; module_class=&#8221;default-header&#8221; _builder_version=&#8221;4.5.7&#8243; module_alignment=&#8221;right&#8221; hover_enabled=&#8221;0&#8243;]Bitte beachten Sie folgende wichtigen Verbraucherhinweise, die bei Ihrem Einkauf bei Sanit\u00e4raustattung Ralf Robertz gelten:\u2028<br \/>\n\u2028Widerrufsrecht \u2028<br \/>\nSie sind als Verbraucher im Sinne von \u00a7 13 BGB an Ihre Bestellung nicht mehr gebunden, wenn Sie binnen einer Frist von einen Monat nach Erhalt der Ware widerrufen. Der Widerruf muss keine Begr\u00fcndung enthalten und kann schriftlich (eine E-Mail, z.B. an info@robertz-duschen.de gen\u00fcgt) oder durch R\u00fccksendung der Ware auf unsere Gefahr erfolgen. Zur Fristwahrung gen\u00fcgt die rechtzeitige Absendung an:<\/p>\n<p>Industrievertretung Robertz\u2028Bielefelder Stra\u00dfe 2\u202849176 Hilter a.T.W<\/p>\n<p>Bitte frankieren Sie das Paket ausreichend, um Strafporto zu vermeiden. Wir erstatten Ihnen den Portobetrag dann umgehend zur\u00fcck. Wenn Sie besch\u00e4digte oder abgenutzte Waren zur\u00fcckschicken, wird der gesetzlich zul\u00e4ssige Betrag in Abzug gebracht; dies k\u00f6nnen Sie vermeiden, indem Sie lediglich die Ware einer Pr\u00fcfung unterziehen, wie sie Ihnen etwa im Ladengesch\u00e4ft m\u00f6glich gewesen w\u00e4re, und diese ohne Gebrauchsspuren und in der Originalverpackung zur\u00fcckschicken.<\/p>\n<p>Wir \u00fcbernehmen die Kosten der Warenr\u00fccksendung, wenn Ihre Bestellung einen Betrag von EUR 150,- \u00fcbersteigt.\u2028\u2028Ausgeschlossen von der R\u00fccksendung sind \u2028* Waren, die nach Kundenspezifikation angefertigt werden oder eindeutig auf die pers\u00f6nlichen Bed\u00fcrfnisse zugeschnitten sind.<br \/>\nZeitpunkt des Vertragsschlusses \u2028Nach Eingabe Ihrer pers\u00f6nlichen Daten und durch Anklicken des Buttons OK geben Sie eine verbindliche Bestellung der im Warenkorb enthaltenen Waren ab. Die Best\u00e4tigung des Eingangs der Bestellung folgt unmittelbar nach dem<\/p>\n<p>Absenden der Bestellung. Der Kaufvertrag kommt mit unserer Auslieferungsbest\u00e4tigung oder Lieferung der Waren zustande.<br \/>\nEinsicht in den Vertragstext \u2028Sie k\u00f6nnen unsere allgemeinen Gesch\u00e4ftsbedingungen (AGB) jederzeit auf dieser Website einsehen. Ihre konkreten Bestelldaten sind aus Sicherheitsgr\u00fcnden nicht per Internet abrufbar.<br \/>\nGew\u00e4hrleistung \u2028<br \/>\nDie Gew\u00e4hrleistung erfolgt nach den gesetzlichen Bestimmungen, wobei wir im Falle eines Mangels der Ware nach Ihrer Wahl zun\u00e4chst nachliefern oder nachbessern. Schl\u00e4gt die Nachbesserung fehl oder ist die nachgelieferte Ware ebenfalls mangelbehaftet, so k\u00f6nnen Sie die Ware gegen R\u00fcckerstattung des vollen Kaufpreises zur\u00fcckgeben oder die Ware behalten und den Kaufpreis mindern. Informationen \u00fcber eventuelle Herstellergarantien Gew\u00e4hrleistung entnehmen Sie bitte der Produktdokumentation.<br \/>\nVersandkosten\u2028<br \/>\nDie Versandkosten belaufen sich je Bestellung auf 6,90 Euro. Falls Sie ein Produkt aus der Kategorie \u201eDuschdichtungen \/ Profile\u201c mit im Warenkorb haben erh\u00f6hen sich die Versandkosten auf 12\u20ac, da die Artikel zu lang f\u00fcr ein normales Paket sind. Bei einer Lieferung per Nachname m\u00fcssen sie einen Aufschlag von 5 Euro bezahlen.<\/p>\n<p>Anbieterkennzeichnung<br \/>\nIndustrievertretung Robertz, Bielefelder Stra\u00dfe 2, 49176 Hilter a.T.W Gesch\u00e4ftsf\u00fchrer: Ralf Robertz[\/et_pb_text][\/et_pb_column][\/et_pb_row][\/et_pb_section]<\/p>\n","protected":false},"excerpt":{"rendered":"<p>05424 &#8211; 39 60 988 05424 &#8211; 39 60 987 Bielefelder Stra\u00dfe 2 49176 Hilter a.T.W. info@robertz-gmbh.comVerbraucherhinweise Bitte beachten Sie folgende wichtigen Verbraucherhinweise, die bei Ihrem Einkauf bei Sanit\u00e4raustattung Ralf Robertz gelten:\u2028 \u2028Widerrufsrecht \u2028 Sie sind als Verbraucher im Sinne von \u00a7 13 BGB an Ihre Bestellung nicht mehr gebunden, wenn Sie binnen einer Frist [&hellip;]<\/p>\n","protected":false},"author":2173,"featured_media":0,"parent":0,"menu_order":0,"comment_status":"closed","ping_status":"closed","template":"","meta":{"_et_pb_use_builder":"on","_et_pb_old_content":"","_et_gb_content_width":"","inline_featured_image":false,"footnotes":""},"class_list":["post-234700","page","type-page","status-publish","hentry"],"_links":{"self":[{"href":"https:\/\/robertz-gmbh.com\/shop\/wp-json\/wp\/v2\/pages\/234700","targetHints":{"allow":["GET"]}}],"collection":[{"href":"https:\/\/robertz-gmbh.com\/shop\/wp-json\/wp\/v2\/pages"}],"about":[{"href":"https:\/\/robertz-gmbh.com\/shop\/wp-json\/wp\/v2\/types\/page"}],"author":[{"embeddable":true,"href":"https:\/\/robertz-gmbh.com\/shop\/wp-json\/wp\/v2\/users\/2173"}],"replies":[{"embeddable":true,"href":"https:\/\/robertz-gmbh.com\/shop\/wp-json\/wp\/v2\/comments?post=234700"}],"version-history":[{"count":3,"href":"https:\/\/robertz-gmbh.com\/shop\/wp-json\/wp\/v2\/pages\/234700\/revisions"}],"predecessor-version":[{"id":234707,"href":"https:\/\/robertz-gmbh.com\/shop\/wp-json\/wp\/v2\/pages\/234700\/revisions\/234707"}],"wp:attachment":[{"href":"https:\/\/robertz-gmbh.com\/shop\/wp-json\/wp\/v2\/media?parent=234700"}],"curies":[{"name":"wp","href":"https:\/\/api.w.org\/{rel}","templated":true}]}}