
{"id":231066,"date":"2019-02-12T19:38:26","date_gmt":"2019-02-12T19:38:26","guid":{"rendered":"https:\/\/robertz-gmbh-shop.maximize-your-web.de\/produkt\/schiebetuergriff-multicolor\/"},"modified":"2021-01-28T10:46:53","modified_gmt":"2021-01-28T10:46:53","slug":"schiebetuergriff-multicolor","status":"publish","type":"product","link":"https:\/\/robertz-gmbh.com\/shop\/produkt-kategorie\/griffe-und-knoepfe\/schiebetuergriffe\/schiebetuergriff-multicolor\/","title":{"rendered":"Schiebet\u00fcrgriff Multicolor"},"content":{"rendered":"<p>1 Paar (Innen + Au\u00dfen).<\/p>\n<p>Lochabstand\u00a0300 mm mit 12 mm Lochbohrung<\/p>\n<p>L\u00e4nge: 500 mm<\/p>\n<p>Lieferbare Farben: Multicolor (Glanzchrom\/Edelstahl-Optik)<\/p>\n","protected":false},"excerpt":{"rendered":"<p>Dieser eigentliche Schiebet\u00fcrgriff kann alternativ auch als Duscht\u00fcrgriff verwendet werden.<br \/>\nEr ist im mittleren Griff-Bereich angeschliffen und verf\u00fcgt somit \u00fcber eine sch\u00f6ne Optik.<\/p>\n","protected":false},"featured_media":232653,"template":"","meta":{"_et_pb_use_builder":"","_et_pb_old_content":"","_et_gb_content_width":"","inline_featured_image":false},"product_brand":[],"product_cat":[353,365],"product_tag":[300],"class_list":{"0":"post-231066","1":"product","2":"type-product","3":"status-publish","4":"has-post-thumbnail","6":"product_cat-griffe-und-knoepfe","7":"product_cat-schiebetuergriffe","8":"product_tag-multicolor","9":"product_shipping_class-paket","11":"first","12":"instock","13":"taxable","14":"shipping-taxable","15":"purchasable","16":"product-type-variable"},"_links":{"self":[{"href":"https:\/\/robertz-gmbh.com\/shop\/wp-json\/wp\/v2\/product\/231066","targetHints":{"allow":["GET"]}}],"collection":[{"href":"https:\/\/robertz-gmbh.com\/shop\/wp-json\/wp\/v2\/product"}],"about":[{"href":"https:\/\/robertz-gmbh.com\/shop\/wp-json\/wp\/v2\/types\/product"}],"wp:featuredmedia":[{"embeddable":true,"href":"https:\/\/robertz-gmbh.com\/shop\/wp-json\/wp\/v2\/media\/232653"}],"wp:attachment":[{"href":"https:\/\/robertz-gmbh.com\/shop\/wp-json\/wp\/v2\/media?parent=231066"}],"wp:term":[{"taxonomy":"product_brand","embeddable":true,"href":"https:\/\/robertz-gmbh.com\/shop\/wp-json\/wp\/v2\/product_brand?post=231066"},{"taxonomy":"product_cat","embeddable":true,"href":"https:\/\/robertz-gmbh.com\/shop\/wp-json\/wp\/v2\/product_cat?post=231066"},{"taxonomy":"product_tag","embeddable":true,"href":"https:\/\/robertz-gmbh.com\/shop\/wp-json\/wp\/v2\/product_tag?post=231066"}],"curies":[{"name":"wp","href":"https:\/\/api.w.org\/{rel}","templated":true}]}}