
{"id":231602,"date":"2019-07-21T19:41:54","date_gmt":"2019-07-21T19:41:54","guid":{"rendered":"https:\/\/robertz-gmbh-shop.maximize-your-web.de\/produkt\/pendelscharnier-hamburg-glas-wand-scharnier-90\/"},"modified":"2022-10-18T19:31:11","modified_gmt":"2022-10-18T19:31:11","slug":"pendelscharnier-hamburg-glas-wand-scharnier-90","status":"publish","type":"product","link":"https:\/\/robertz-gmbh.com\/shop\/produkt-kategorie\/duschbeschlaege\/duschbeschlag-hamburg\/pendelscharnier-hamburg-glas-wand-scharnier-90\/","title":{"rendered":"Pendelscharnier &#8220;Hamburg&#8221; <br> Glas Wand Scharnier 90\u00b0"},"content":{"rendered":"<p><strong>Hamburg Glas \/ Wand 90\u00b0 Scharnier<\/strong><\/p>\n<p><strong>Produktbeschreibung:<\/strong><\/p>\n<ul>\n<li>Messing massiv<\/li>\n<li>Oberfl\u00e4che: Glanzverchromt oder Edelstahl-Optik<\/li>\n<li>F\u00fcr Glasst\u00e4rke 6 mm \u2013 8 mm<\/li>\n<li>Nach Innen und Au\u00dfen \u00f6ffnend 90\u00b0<\/li>\n<li>Einseitiger Anschraublasche<\/li>\n<li>Tragf\u00e4higkeit 45 kg\/Paar<\/li>\n<li>Nullstellung durch Federspannung<\/li>\n<li>Einstellbare Nullstellung<\/li>\n<li>Ab 20\u00b0 Automatikschlie\u00dfung<\/li>\n<li>Abdeckungen f\u00fcr Beschlagsschrauben enthalten, dadurch keine sichtbaren Verschraubungen<\/li>\n<\/ul>\n<p>Das Glasscharnier wird als Verbindungsst\u00fcck zwischen Wand und Glasscheibe montiert. Es ist f\u00fcr einen linken und rechten T\u00fcranschlag einsetzbar. Das Scharnier \u00f6ffnet nach Innen und Au\u00dfen und wird daher auch Pendelscharnier genannt.<\/p>\n","protected":false},"excerpt":{"rendered":"<p>Glas-Wand Scharnier 90\u00b0 mit Nullpunktverstellung und Abdeckplatten in Glanzverchromt oder Edelstahl-Optik.<\/p>\n","protected":false},"featured_media":233096,"template":"","meta":{"_et_pb_use_builder":"","_et_pb_old_content":"","_et_gb_content_width":"","inline_featured_image":false},"product_brand":[],"product_cat":[379,349],"product_tag":[346],"class_list":{"0":"post-231602","1":"product","2":"type-product","3":"status-publish","4":"has-post-thumbnail","6":"product_cat-duschbeschlag-hamburg","7":"product_cat-duschbeschlaege","8":"product_tag-duschbeschlaege-hamburg","9":"product_shipping_class-paeckchen","11":"first","12":"instock","13":"taxable","14":"shipping-taxable","15":"purchasable","16":"product-type-variable"},"_links":{"self":[{"href":"https:\/\/robertz-gmbh.com\/shop\/wp-json\/wp\/v2\/product\/231602","targetHints":{"allow":["GET"]}}],"collection":[{"href":"https:\/\/robertz-gmbh.com\/shop\/wp-json\/wp\/v2\/product"}],"about":[{"href":"https:\/\/robertz-gmbh.com\/shop\/wp-json\/wp\/v2\/types\/product"}],"wp:featuredmedia":[{"embeddable":true,"href":"https:\/\/robertz-gmbh.com\/shop\/wp-json\/wp\/v2\/media\/233096"}],"wp:attachment":[{"href":"https:\/\/robertz-gmbh.com\/shop\/wp-json\/wp\/v2\/media?parent=231602"}],"wp:term":[{"taxonomy":"product_brand","embeddable":true,"href":"https:\/\/robertz-gmbh.com\/shop\/wp-json\/wp\/v2\/product_brand?post=231602"},{"taxonomy":"product_cat","embeddable":true,"href":"https:\/\/robertz-gmbh.com\/shop\/wp-json\/wp\/v2\/product_cat?post=231602"},{"taxonomy":"product_tag","embeddable":true,"href":"https:\/\/robertz-gmbh.com\/shop\/wp-json\/wp\/v2\/product_tag?post=231602"}],"curies":[{"name":"wp","href":"https:\/\/api.w.org\/{rel}","templated":true}]}}